{"id":236,"date":"2025-11-17T14:06:14","date_gmt":"2025-11-17T13:06:14","guid":{"rendered":"https:\/\/www.oevp-langenlebarn.at\/?page_id=236"},"modified":"2025-12-13T20:42:56","modified_gmt":"2025-12-13T19:42:56","slug":"kalender","status":"publish","type":"page","link":"https:\/\/www.oevp-langenlebarn.at\/?page_id=236","title":{"rendered":"Kalender"},"content":{"rendered":"\n<h2 class=\"wp-block-heading\"><strong>2026<\/strong><\/h2>\n\n\n\n<div class=\"wp-block-columns is-layout-flex wp-container-core-columns-is-layout-9d6595d7 wp-block-columns-is-layout-flex\">\n<div class=\"wp-block-column is-layout-flow wp-block-column-is-layout-flow\" style=\"flex-basis:33.33%\">\n<figure class=\"wp-block-image size-full\"><img loading=\"lazy\" decoding=\"async\" width=\"421\" height=\"298\" src=\"https:\/\/www.oevp-langenlebarn.at\/wp-content\/uploads\/2025\/12\/2026-Kalender-final-Langenlebarn-421x298-1.png\" alt=\"\" class=\"wp-image-265\" srcset=\"https:\/\/www.oevp-langenlebarn.at\/wp-content\/uploads\/2025\/12\/2026-Kalender-final-Langenlebarn-421x298-1.png 421w, https:\/\/www.oevp-langenlebarn.at\/wp-content\/uploads\/2025\/12\/2026-Kalender-final-Langenlebarn-421x298-1-300x212.png 300w\" sizes=\"auto, (max-width: 421px) 100vw, 421px\" \/><\/figure>\n<\/div>\n\n\n\n<div class=\"wp-block-column is-layout-flow wp-block-column-is-layout-flow\" style=\"flex-basis:66.66%\">\n<p><strong>Lebarner Abfuhrplan und Dorfleben<\/strong><br>PDF-Download: <a href=\"https:\/\/www.oevp-langenlebarn.at\/wp-content\/uploads\/2025\/12\/2026-Kalender-final-Langenlebarn-RGB.pdf\" target=\"_blank\" rel=\"noreferrer noopener\">J\u00e4nner &#8211; Dezember 2026<\/a><br>Bild-Ansicht: <a href=\"https:\/\/www.oevp-langenlebarn.at\/wp-content\/uploads\/2025\/12\/2026-Kalender-final-Langenlebarn-S1-scaled.png\" data-type=\"link\" data-id=\"https:\/\/www.oevp-langenlebarn.at\/wp-content\/uploads\/2025\/12\/2026-Kalender-final-Langenlebarn-S1-scaled.png\" target=\"_blank\" rel=\"noreferrer noopener\">J\u00e4nner &#8211; Juni 2026<\/a><br>Bild-Ansicht: <a href=\"https:\/\/www.oevp-langenlebarn.at\/wp-content\/uploads\/2025\/12\/2026-Kalender-final-Langenlebarn-S2-scaled.png\" data-type=\"link\" data-id=\"https:\/\/www.oevp-langenlebarn.at\/wp-content\/uploads\/2025\/12\/2026-Kalender-final-Langenlebarn-S2-scaled.png\" target=\"_blank\" rel=\"noreferrer noopener\">Juli &#8211; Dezember 2026<\/a><\/p>\n<\/div>\n<\/div>\n\n\n\n<div class=\"wp-block-columns is-layout-flex wp-container-core-columns-is-layout-9d6595d7 wp-block-columns-is-layout-flex\">\n<div class=\"wp-block-column is-layout-flow wp-block-column-is-layout-flow\" style=\"flex-basis:33.33%\">\n<figure class=\"wp-block-image size-large\"><img loading=\"lazy\" decoding=\"async\" width=\"1024\" height=\"724\" src=\"https:\/\/www.oevp-langenlebarn.at\/wp-content\/uploads\/2025\/12\/2026-Kalender-final-Rafelswoerth-421x298-1-1024x724.png\" alt=\"\" class=\"wp-image-266\" srcset=\"https:\/\/www.oevp-langenlebarn.at\/wp-content\/uploads\/2025\/12\/2026-Kalender-final-Rafelswoerth-421x298-1-1024x724.png 1024w, https:\/\/www.oevp-langenlebarn.at\/wp-content\/uploads\/2025\/12\/2026-Kalender-final-Rafelswoerth-421x298-1-300x212.png 300w, https:\/\/www.oevp-langenlebarn.at\/wp-content\/uploads\/2025\/12\/2026-Kalender-final-Rafelswoerth-421x298-1-768x543.png 768w, https:\/\/www.oevp-langenlebarn.at\/wp-content\/uploads\/2025\/12\/2026-Kalender-final-Rafelswoerth-421x298-1-1536x1086.png 1536w, https:\/\/www.oevp-langenlebarn.at\/wp-content\/uploads\/2025\/12\/2026-Kalender-final-Rafelswoerth-421x298-1-2048x1448.png 2048w, https:\/\/www.oevp-langenlebarn.at\/wp-content\/uploads\/2025\/12\/2026-Kalender-final-Rafelswoerth-421x298-1-1568x1109.png 1568w\" sizes=\"auto, (max-width: 1024px) 100vw, 1024px\" \/><\/figure>\n<\/div>\n\n\n\n<div class=\"wp-block-column is-layout-flow wp-block-column-is-layout-flow\" style=\"flex-basis:66.66%\">\n<p><strong>Rafelsw\u00f6rther Abfuhrplan<br>und Lebarner Dorfleben<\/strong><br>PDF-Download: <a href=\"https:\/\/www.oevp-langenlebarn.at\/wp-content\/uploads\/2025\/12\/2026-Kalender-final-Rafelswoerth-RGB.pdf\" data-type=\"link\" data-id=\"https:\/\/www.oevp-langenlebarn.at\/wp-content\/uploads\/2025\/12\/2026-Kalender-final-Rafelswoerth-RGB.pdf\" target=\"_blank\" rel=\"noreferrer noopener\">J\u00e4nner &#8211; Dezember 2026<\/a><br>Bild-Ansicht: <a href=\"https:\/\/www.oevp-langenlebarn.at\/wp-content\/uploads\/2025\/12\/2026-Kalender-final-Rafelswoerth-S1-scaled.png\" data-type=\"link\" data-id=\"https:\/\/www.oevp-langenlebarn.at\/wp-content\/uploads\/2025\/12\/2026-Kalender-final-Rafelswoerth-S1-scaled.png\" target=\"_blank\" rel=\"noreferrer noopener\">J\u00e4nner &#8211; Juni 2026<\/a><br>Bild-Ansicht: <a href=\"https:\/\/www.oevp-langenlebarn.at\/wp-content\/uploads\/2025\/12\/2026-Kalender-final-Rafelswoerth-S2-scaled.png\" data-type=\"link\" data-id=\"https:\/\/www.oevp-langenlebarn.at\/wp-content\/uploads\/2025\/12\/2026-Kalender-final-Rafelswoerth-S2-scaled.png\" target=\"_blank\" rel=\"noreferrer noopener\">Juli &#8211; Dezember 2026<\/a><\/p>\n<\/div>\n<\/div>\n\n\n\n<h2 class=\"wp-block-heading\"><strong>2025<\/strong><\/h2>\n\n\n\n<p>Nachstehende Kalender stellen die aktualisierte Version dar.<br><strong>29. &#8211; 30. Nov.: Adventmarkt und Pfarrpunsch (statt 1. Dezember)<\/strong><br><em>Stand: Juni 2025<\/em><\/p>\n\n\n\n<div class=\"wp-block-columns is-layout-flex wp-container-core-columns-is-layout-9d6595d7 wp-block-columns-is-layout-flex\">\n<div class=\"wp-block-column is-layout-flow wp-block-column-is-layout-flow\" style=\"flex-basis:33.33%\">\n<figure class=\"wp-block-image size-full\"><img loading=\"lazy\" decoding=\"async\" width=\"421\" height=\"298\" src=\"https:\/\/www.oevp-langenlebarn.at\/wp-content\/uploads\/2025\/11\/2025-06-Lebarner-Abfuhrplan-und-Dorfleben-421x298-1.jpg\" alt=\"\" class=\"wp-image-238\" srcset=\"https:\/\/www.oevp-langenlebarn.at\/wp-content\/uploads\/2025\/11\/2025-06-Lebarner-Abfuhrplan-und-Dorfleben-421x298-1.jpg 421w, https:\/\/www.oevp-langenlebarn.at\/wp-content\/uploads\/2025\/11\/2025-06-Lebarner-Abfuhrplan-und-Dorfleben-421x298-1-300x212.jpg 300w\" sizes=\"auto, (max-width: 421px) 100vw, 421px\" \/><\/figure>\n<\/div>\n\n\n\n<div class=\"wp-block-column is-layout-flow wp-block-column-is-layout-flow\" style=\"flex-basis:66.66%\">\n<p><strong>Lebarner Abfuhrplan und Dorfleben<\/strong><br>PDF-Download: <a href=\"https:\/\/www.oevp-langenlebarn.at\/wp-content\/uploads\/2025\/11\/2025-06-Lebarner-Abfuhrplan-und-Dorfleben-AKTUELL.pdf\" target=\"_blank\" rel=\"noreferrer noopener\">J\u00e4nner &#8211; Dezember 2025<\/a><br>Bild-Ansicht: <a href=\"https:\/\/www.oevp-langenlebarn.at\/wp-content\/uploads\/2025\/11\/2025-06-Lebarner-Abfuhrplan-und-Dorfleben-Jaen-Jun-1-scaled.jpg\" target=\"_blank\" rel=\"noreferrer noopener\">J\u00e4nner &#8211; Juni 2025<\/a><br>Bild-Ansicht: <a href=\"https:\/\/www.oevp-langenlebarn.at\/wp-content\/uploads\/2025\/11\/2025-06-Lebarner-Abfuhrplan-und-Dorfleben-Jul-Dez-scaled.jpg\" target=\"_blank\" rel=\"noreferrer noopener\">Juli &#8211; Dezember 2025<\/a><\/p>\n<\/div>\n<\/div>\n\n\n\n<div class=\"wp-block-columns is-layout-flex wp-container-core-columns-is-layout-9d6595d7 wp-block-columns-is-layout-flex\">\n<div class=\"wp-block-column is-layout-flow wp-block-column-is-layout-flow\" style=\"flex-basis:33.33%\">\n<figure class=\"wp-block-image size-full\"><img loading=\"lazy\" decoding=\"async\" width=\"421\" height=\"298\" src=\"https:\/\/www.oevp-langenlebarn.at\/wp-content\/uploads\/2025\/11\/2025-06-Rafelswoerther-Abfuhrplan-und-Lebarner-Dorfleben-421x298-1.jpg\" alt=\"\" class=\"wp-image-239\" srcset=\"https:\/\/www.oevp-langenlebarn.at\/wp-content\/uploads\/2025\/11\/2025-06-Rafelswoerther-Abfuhrplan-und-Lebarner-Dorfleben-421x298-1.jpg 421w, https:\/\/www.oevp-langenlebarn.at\/wp-content\/uploads\/2025\/11\/2025-06-Rafelswoerther-Abfuhrplan-und-Lebarner-Dorfleben-421x298-1-300x212.jpg 300w\" sizes=\"auto, (max-width: 421px) 100vw, 421px\" \/><\/figure>\n<\/div>\n\n\n\n<div class=\"wp-block-column is-layout-flow wp-block-column-is-layout-flow\" style=\"flex-basis:66.66%\">\n<p><strong>Rafelsw\u00f6rther Abfuhrplan<br>und Lebarner Dorfleben<\/strong><br>PDF-Download: <a href=\"https:\/\/www.oevp-langenlebarn.at\/wp-content\/uploads\/2025\/11\/2025-06-Rafelswoerther-Abfuhrplan-und-Lebarner-Dorfleben-AKTUELL.pdf\" target=\"_blank\" rel=\"noreferrer noopener\">J\u00e4nner &#8211; Dezember 2025<\/a><br>Bild-Ansicht: <a href=\"https:\/\/www.oevp-langenlebarn.at\/wp-content\/uploads\/2025\/11\/2025-06-Rafelswoerther-Abfuhrplan-und-Lebarner-Dorfleben-Jaen-Jun-scaled.jpg\" target=\"_blank\" rel=\"noreferrer noopener\">J\u00e4nner &#8211; Juni 2025<\/a><br>Bild-Ansicht: <a href=\"https:\/\/www.oevp-langenlebarn.at\/wp-content\/uploads\/2025\/11\/2025-06-Rafelswoerther-Abfuhrplan-und-Lebarner-Dorfleben-Jul-Dez-scaled.jpg\" data-type=\"link\" data-id=\"https:\/\/www.oevp-langenlebarn.at\/wp-content\/uploads\/2025\/11\/2025-06-Rafelswoerther-Abfuhrplan-und-Lebarner-Dorfleben-Jul-Dez-scaled.jpg\" target=\"_blank\" rel=\"noreferrer noopener\">Juli &#8211; Dezember 2025<\/a><\/p>\n<\/div>\n<\/div>\n\n\n\n<h2 class=\"wp-block-heading\">2024<\/h2>\n\n\n\n<div class=\"wp-block-columns is-layout-flex wp-container-core-columns-is-layout-9d6595d7 wp-block-columns-is-layout-flex\">\n<div class=\"wp-block-column is-layout-flow wp-block-column-is-layout-flow\" style=\"flex-basis:33.33%\">\n<figure class=\"wp-block-image size-full\"><img loading=\"lazy\" decoding=\"async\" width=\"420\" height=\"297\" src=\"https:\/\/www.oevp-langenlebarn.at\/wp-content\/uploads\/2025\/12\/2024-Veranstaltungen-420x297-1.png\" alt=\"\" class=\"wp-image-277\" srcset=\"https:\/\/www.oevp-langenlebarn.at\/wp-content\/uploads\/2025\/12\/2024-Veranstaltungen-420x297-1.png 420w, https:\/\/www.oevp-langenlebarn.at\/wp-content\/uploads\/2025\/12\/2024-Veranstaltungen-420x297-1-300x212.png 300w\" sizes=\"auto, (max-width: 420px) 100vw, 420px\" \/><\/figure>\n<\/div>\n\n\n\n<div class=\"wp-block-column is-layout-flow wp-block-column-is-layout-flow\" style=\"flex-basis:66.66%\">\n<p><strong>Dorfleben<\/strong><br>PDF-Download: <a href=\"https:\/\/www.oevp-langenlebarn.at\/wp-content\/uploads\/2023\/12\/Veranstaltungen2024.pdf\" data-type=\"link\" data-id=\"https:\/\/www.oevp-langenlebarn.at\/wp-content\/uploads\/2023\/12\/Veranstaltungen2024.pdf\">J\u00e4nner &#8211; Dezember 2024<\/a><\/p>\n<\/div>\n<\/div>\n\n\n\n<p><\/p>\n","protected":false},"excerpt":{"rendered":"<p>2026 Lebarner Abfuhrplan und DorflebenPDF-Download: J\u00e4nner &#8211; Dezember 2026Bild-Ansicht: J\u00e4nner &#8211; Juni 2026Bild-Ansicht: Juli &#8211; Dezember 2026 Rafelsw\u00f6rther Abfuhrplanund Lebarner DorflebenPDF-Download: J\u00e4nner &#8211; Dezember 2026Bild-Ansicht: J\u00e4nner &#8211; Juni 2026Bild-Ansicht: Juli &#8211; Dezember 2026 2025 Nachstehende Kalender stellen die aktualisierte Version dar.29. &#8211; 30. Nov.: Adventmarkt und Pfarrpunsch (statt 1. Dezember)Stand: Juni 2025 Lebarner Abfuhrplan und&hellip; <a class=\"more-link\" href=\"https:\/\/www.oevp-langenlebarn.at\/?page_id=236\"><span class=\"screen-reader-text\">Kalender<\/span> weiterlesen<\/a><\/p>\n","protected":false},"author":2,"featured_media":0,"parent":0,"menu_order":0,"comment_status":"closed","ping_status":"closed","template":"","meta":{"footnotes":""},"class_list":["post-236","page","type-page","status-publish","hentry","entry"],"_links":{"self":[{"href":"https:\/\/www.oevp-langenlebarn.at\/index.php?rest_route=\/wp\/v2\/pages\/236","targetHints":{"allow":["GET"]}}],"collection":[{"href":"https:\/\/www.oevp-langenlebarn.at\/index.php?rest_route=\/wp\/v2\/pages"}],"about":[{"href":"https:\/\/www.oevp-langenlebarn.at\/index.php?rest_route=\/wp\/v2\/types\/page"}],"author":[{"embeddable":true,"href":"https:\/\/www.oevp-langenlebarn.at\/index.php?rest_route=\/wp\/v2\/users\/2"}],"replies":[{"embeddable":true,"href":"https:\/\/www.oevp-langenlebarn.at\/index.php?rest_route=%2Fwp%2Fv2%2Fcomments&post=236"}],"version-history":[{"count":11,"href":"https:\/\/www.oevp-langenlebarn.at\/index.php?rest_route=\/wp\/v2\/pages\/236\/revisions"}],"predecessor-version":[{"id":278,"href":"https:\/\/www.oevp-langenlebarn.at\/index.php?rest_route=\/wp\/v2\/pages\/236\/revisions\/278"}],"wp:attachment":[{"href":"https:\/\/www.oevp-langenlebarn.at\/index.php?rest_route=%2Fwp%2Fv2%2Fmedia&parent=236"}],"curies":[{"name":"wp","href":"https:\/\/api.w.org\/{rel}","templated":true}]}}